{"id":1130,"date":"2023-05-14T09:17:29","date_gmt":"2023-05-14T09:17:29","guid":{"rendered":"https:\/\/xn--hw-kppers-t9a.de\/?page_id=1130"},"modified":"2024-10-15T13:29:24","modified_gmt":"2024-10-15T13:29:24","slug":"biskuit-boden-xxl","status":"publish","type":"page","link":"https:\/\/xn--hw-kppers-t9a.de\/?page_id=1130","title":{"rendered":"Biskuit Boden XXL"},"content":{"rendered":"\t\t<div data-elementor-type=\"wp-page\" data-elementor-id=\"1130\" class=\"elementor elementor-1130\" data-elementor-post-type=\"page\">\n\t\t\t\t\t\t<section class=\"elementor-section elementor-top-section elementor-element elementor-element-9b774cd elementor-section-full_width elementor-section-height-default elementor-section-height-default\" data-id=\"9b774cd\" data-element_type=\"section\" data-e-type=\"section\">\n\t\t\t\t\t\t\t<div class=\"elementor-background-overlay\"><\/div>\n\t\t\t\t\t\t\t<div class=\"elementor-container elementor-column-gap-default\">\n\t\t\t\t\t<div class=\"elementor-column elementor-col-100 elementor-top-column elementor-element elementor-element-894063e\" data-id=\"894063e\" data-element_type=\"column\" data-e-type=\"column\">\n\t\t\t<div class=\"elementor-widget-wrap elementor-element-populated\">\n\t\t\t\t\t\t<div class=\"elementor-element elementor-element-8100522 elementor-widget elementor-widget-heading\" data-id=\"8100522\" data-element_type=\"widget\" data-e-type=\"widget\" data-widget_type=\"heading.default\">\n\t\t\t\t<div class=\"elementor-widget-container\">\n\t\t\t\t\t<h2 class=\"elementor-heading-title elementor-size-default\">Biskuit Boden XXL<\/h2>\t\t\t\t<\/div>\n\t\t\t\t<\/div>\n\t\t\t\t<div class=\"elementor-element elementor-element-2afad09 elementor-widget elementor-widget-text-editor\" data-id=\"2afad09\" data-element_type=\"widget\" data-e-type=\"widget\" data-widget_type=\"text-editor.default\">\n\t\t\t\t<div class=\"elementor-widget-container\">\n\t\t\t\t\t\t\t\t\t<p><strong>Zutaten &#8222;Biskuit Boden XXL&#8220;:<\/strong><\/p><p><strong>Zutaten 1 Glas\u00a0\u00a0 Menge<\/strong><\/p><p><strong>Zutaten 1 Glas<\/strong><\/p><p><strong>Menge<\/strong><\/p><p><strong>Eier gr. M\u00a0\u00a0\u00a0\u00a0\u00a0\u00a0\u00a0\u00a0\u00a0\u00a0\u00a0 9<\/strong><\/p><p><strong>Wasser kalt\u00a0\u00a0\u00a0\u00a0\u00a0\u00a0\u00a0 60 ml<\/strong><\/p><p><strong>Zucker fein\u00a0\u00a0\u00a0\u00a0\u00a0\u00a0\u00a0\u00a0\u00a0 300 g<\/strong><\/p><p><strong>Mehl (Typ 405) 200 g<\/strong><\/p><p><strong>Maisst\u00e4rke\u00a0\u00a0\u00a0\u00a0\u00a0\u00a0\u00a0\u00a0\u00a0 100 g<\/strong><\/p><p><strong>Backpulver\u00a0\u00a0\u00a0\u00a0\u00a0\u00a0\u00a0\u00a0 1 Pck.<\/strong><\/p><p><strong>Salz\u00a0\u00a0\u00a0\u00a0\u00a0\u00a0\u00a0 1 Prise<\/strong><\/p><p>\u00a0<\/p><p><strong>Biskuit Boden XXL &#8222;Zubereitung&#8220;:<\/strong><\/p><p><strong>1<\/strong><\/p><p><strong>Die Eier in Eiwei\u00df und Eigelb trennen. Dabei immer darauf achten, dass kein Eigelb ins Eiwei\u00df gelangt, sonst wird der Eischaum nicht richtig steif.<\/strong><\/p><p><strong>2<\/strong><\/p><p><strong>Wasser in die Eigelbe r\u00fchren. Eiwei\u00df auf h\u00f6chster Stufe schaumig schlagen, dabei den Zucker immer in Abst\u00e4nden langsam dazu geben.<\/strong><\/p><p><strong>Das Eigelb\/Wasser-Gemisch langsam unter den Eischnee heben.<\/strong><\/p><p><strong>3<\/strong><\/p><p><strong>Die trockenen Zutaten vermischen und in die Sch\u00fcssel vom Eischaum\/Eigelb-Gemisch sieben und auch ganz langsam unterheben, bis ein cremiger, fester Teig entstanden i<\/strong><\/p><p><strong>4<\/strong><\/p><p><strong>Einen Backring auf 24 cm \u00d8 Durchmesser einstellen und einen Boden und eine Manschette aus Backpapier herumlegen.<\/strong><\/p><p><strong>Den Ofen auf 160\u00b0C Ober-und Unterhitze vorheizen, Teig in die Form f\u00fcllen, etwas glatt streichen, 2-3 Mal auf die Arbeitsfl\u00e4che klopfen und f\u00fcr ca. 55 min im Ofen Backen.<\/strong><\/p><p><strong>Immer ziemlich zum Ende der angegebenen Backzeit einen St\u00e4bchentest machen.<\/strong><\/p><p><strong>5<\/strong><\/p><p><strong>Ich liebe diesen Biskuit Boden XXL, Du wirst staunen.<\/strong><\/p><p style=\"text-align: center;\"><a href=\"https:\/\/xn--hw-kppers-t9a.eu\/STRATO-apps\/wordpress_03\/app\/wp-content\/uploads\/2023\/02\/Biskuitboden Wunder - oder warum du nie wieder einen anderen backen wirst.mp4\" data-wplink-url-error=\"true\"><strong><span style=\"color: #ff0000;\">Video<\/span><\/strong><\/a><\/p>\t\t\t\t\t\t\t\t<\/div>\n\t\t\t\t<\/div>\n\t\t\t\t\t<\/div>\n\t\t<\/div>\n\t\t\t\t\t<\/div>\n\t\t<\/section>\n\t\t\t\t<\/div>\n\t\t","protected":false},"excerpt":{"rendered":"<p>Biskuit Boden XXL Zutaten &#8222;Biskuit Boden XXL&#8220;: Zutaten 1 Glas\u00a0\u00a0 Menge Zutaten 1 Glas Menge Eier gr. M\u00a0\u00a0\u00a0\u00a0\u00a0\u00a0\u00a0\u00a0\u00a0\u00a0\u00a0 9 Wasser kalt\u00a0\u00a0\u00a0\u00a0\u00a0\u00a0\u00a0 60 ml Zucker fein\u00a0\u00a0\u00a0\u00a0\u00a0\u00a0\u00a0\u00a0\u00a0 300 g Mehl (Typ 405) 200 g Maisst\u00e4rke\u00a0\u00a0\u00a0\u00a0\u00a0\u00a0\u00a0\u00a0\u00a0 100 g Backpulver\u00a0\u00a0\u00a0\u00a0\u00a0\u00a0\u00a0\u00a0 1 Pck. Salz\u00a0\u00a0\u00a0\u00a0\u00a0\u00a0\u00a0 1 Prise \u00a0 Biskuit Boden XXL &#8222;Zubereitung&#8220;: 1 Die Eier in Eiwei\u00df und Eigelb trennen. Dabei [&hellip;]<\/p>\n","protected":false},"author":1,"featured_media":0,"parent":0,"menu_order":0,"comment_status":"closed","ping_status":"closed","template":"","meta":{"footnotes":""},"class_list":["post-1130","page","type-page","status-publish","hentry"],"_links":{"self":[{"href":"https:\/\/xn--hw-kppers-t9a.de\/index.php?rest_route=\/wp\/v2\/pages\/1130","targetHints":{"allow":["GET"]}}],"collection":[{"href":"https:\/\/xn--hw-kppers-t9a.de\/index.php?rest_route=\/wp\/v2\/pages"}],"about":[{"href":"https:\/\/xn--hw-kppers-t9a.de\/index.php?rest_route=\/wp\/v2\/types\/page"}],"author":[{"embeddable":true,"href":"https:\/\/xn--hw-kppers-t9a.de\/index.php?rest_route=\/wp\/v2\/users\/1"}],"replies":[{"embeddable":true,"href":"https:\/\/xn--hw-kppers-t9a.de\/index.php?rest_route=%2Fwp%2Fv2%2Fcomments&post=1130"}],"version-history":[{"count":14,"href":"https:\/\/xn--hw-kppers-t9a.de\/index.php?rest_route=\/wp\/v2\/pages\/1130\/revisions"}],"predecessor-version":[{"id":3087,"href":"https:\/\/xn--hw-kppers-t9a.de\/index.php?rest_route=\/wp\/v2\/pages\/1130\/revisions\/3087"}],"wp:attachment":[{"href":"https:\/\/xn--hw-kppers-t9a.de\/index.php?rest_route=%2Fwp%2Fv2%2Fmedia&parent=1130"}],"curies":[{"name":"wp","href":"https:\/\/api.w.org\/{rel}","templated":true}]}}