{"id":1066,"date":"2023-05-13T12:37:32","date_gmt":"2023-05-13T12:37:32","guid":{"rendered":"https:\/\/xn--hw-kppers-t9a.de\/?page_id=1066"},"modified":"2023-05-13T12:45:01","modified_gmt":"2023-05-13T12:45:01","slug":"kaesestangen-innen-weich-wie-watte-und-aussen-schoen-knusprig","status":"publish","type":"page","link":"https:\/\/xn--hw-kppers-t9a.de\/?page_id=1066","title":{"rendered":"K\u00e4sestangen &#8211; Innen weich wie Watte und au\u00dfen sch\u00f6n knusprig"},"content":{"rendered":"\t\t<div data-elementor-type=\"wp-page\" data-elementor-id=\"1066\" class=\"elementor elementor-1066\" data-elementor-post-type=\"page\">\n\t\t\t\t\t\t<section class=\"elementor-section elementor-top-section elementor-element elementor-element-cdaad37 elementor-section-full_width elementor-section-height-default elementor-section-height-default\" data-id=\"cdaad37\" data-element_type=\"section\" data-e-type=\"section\">\n\t\t\t\t\t\t\t<div class=\"elementor-background-overlay\"><\/div>\n\t\t\t\t\t\t\t<div class=\"elementor-container elementor-column-gap-default\">\n\t\t\t\t\t<div class=\"elementor-column elementor-col-100 elementor-top-column elementor-element elementor-element-c20783c\" data-id=\"c20783c\" data-element_type=\"column\" data-e-type=\"column\">\n\t\t\t<div class=\"elementor-widget-wrap elementor-element-populated\">\n\t\t\t\t\t\t<div class=\"elementor-element elementor-element-21a87a9 elementor-widget elementor-widget-heading\" data-id=\"21a87a9\" data-element_type=\"widget\" data-e-type=\"widget\" data-widget_type=\"heading.default\">\n\t\t\t\t<div class=\"elementor-widget-container\">\n\t\t\t\t\t<h2 class=\"elementor-heading-title elementor-size-default\">K\u00e4sestangen - Innen weich wie Watte und au\u00dfen sch\u00f6n knusprig<\/h2>\t\t\t\t<\/div>\n\t\t\t\t<\/div>\n\t\t\t\t<div class=\"elementor-element elementor-element-823cc5a elementor-widget elementor-widget-text-editor\" data-id=\"823cc5a\" data-element_type=\"widget\" data-e-type=\"widget\" data-widget_type=\"text-editor.default\">\n\t\t\t\t<div class=\"elementor-widget-container\">\n\t\t\t\t\t\t\t\t\t<p><strong>Zutaten f\u00fcr 6-8 Stangen<\/strong><\/p><p><strong>\u00a0<\/strong><\/p><p><strong>250 ml lauwarmes Wasser \u2013<\/strong><\/p><p><strong>1Pck. Trockenhefe oder 21 g frische Hefe \u2013<\/strong><\/p><p><strong>1 TL Zucker \u2013<\/strong><\/p><p><strong>Vermischen und 5 Min. ruhen lassen<\/strong><\/p><p><strong>4 EL Joghurt \u2013<\/strong><\/p><p><strong>4 EL \u00d6l \u2013<\/strong><\/p><p><strong>1,5 TL Salz \u2013<\/strong><\/p><p><strong>Zugeben \u2013 dann Mehl schubweise zugeben mit der K\u00fcchenmaschine 5 Min. kneten<\/strong><\/p><p><strong>500 \u2013 600 g Mehl<\/strong><\/p><p><strong>30 \u2013 60 Min gehen lassen<\/strong><\/p><p><strong>6 Kugeln formen und rechteckig auseinanderziehen und zu einer Stange rollen, aufs Backblech legen \u2013 abdecken und 30 Min. gehen lassen<\/strong><\/p><p><strong>250 g geriebenen K\u00e4se (Gouda)\u00a0dr\u00fcber streuen<\/strong><\/p><p><strong>Bei 200 \u00b0 C Ober- und Unterhitze 18 \u2013 20 Min. backen<\/strong><\/p>\t\t\t\t\t\t\t\t<\/div>\n\t\t\t\t<\/div>\n\t\t\t\t\t<\/div>\n\t\t<\/div>\n\t\t\t\t\t<\/div>\n\t\t<\/section>\n\t\t\t\t<\/div>\n\t\t","protected":false},"excerpt":{"rendered":"<p>K\u00e4sestangen &#8211; Innen weich wie Watte und au\u00dfen sch\u00f6n knusprig Zutaten f\u00fcr 6-8 Stangen \u00a0 250 ml lauwarmes Wasser \u2013 1Pck. Trockenhefe oder 21 g frische Hefe \u2013 1 TL Zucker \u2013 Vermischen und 5 Min. ruhen lassen 4 EL Joghurt \u2013 4 EL \u00d6l \u2013 1,5 TL Salz \u2013 Zugeben \u2013 dann Mehl schubweise [&hellip;]<\/p>\n","protected":false},"author":1,"featured_media":0,"parent":0,"menu_order":0,"comment_status":"closed","ping_status":"closed","template":"","meta":{"footnotes":""},"class_list":["post-1066","page","type-page","status-publish","hentry"],"_links":{"self":[{"href":"https:\/\/xn--hw-kppers-t9a.de\/index.php?rest_route=\/wp\/v2\/pages\/1066","targetHints":{"allow":["GET"]}}],"collection":[{"href":"https:\/\/xn--hw-kppers-t9a.de\/index.php?rest_route=\/wp\/v2\/pages"}],"about":[{"href":"https:\/\/xn--hw-kppers-t9a.de\/index.php?rest_route=\/wp\/v2\/types\/page"}],"author":[{"embeddable":true,"href":"https:\/\/xn--hw-kppers-t9a.de\/index.php?rest_route=\/wp\/v2\/users\/1"}],"replies":[{"embeddable":true,"href":"https:\/\/xn--hw-kppers-t9a.de\/index.php?rest_route=%2Fwp%2Fv2%2Fcomments&post=1066"}],"version-history":[{"count":7,"href":"https:\/\/xn--hw-kppers-t9a.de\/index.php?rest_route=\/wp\/v2\/pages\/1066\/revisions"}],"predecessor-version":[{"id":1078,"href":"https:\/\/xn--hw-kppers-t9a.de\/index.php?rest_route=\/wp\/v2\/pages\/1066\/revisions\/1078"}],"wp:attachment":[{"href":"https:\/\/xn--hw-kppers-t9a.de\/index.php?rest_route=%2Fwp%2Fv2%2Fmedia&parent=1066"}],"curies":[{"name":"wp","href":"https:\/\/api.w.org\/{rel}","templated":true}]}}