{"id":1034,"date":"2023-05-13T11:48:01","date_gmt":"2023-05-13T11:48:01","guid":{"rendered":"https:\/\/xn--hw-kppers-t9a.de\/?page_id=1034"},"modified":"2023-05-13T11:54:13","modified_gmt":"2023-05-13T11:54:13","slug":"dinkel-roggen-brot","status":"publish","type":"page","link":"https:\/\/xn--hw-kppers-t9a.de\/?page_id=1034","title":{"rendered":"Dinkel &#8211; Roggen \u2022 Brot"},"content":{"rendered":"\t\t<div data-elementor-type=\"wp-page\" data-elementor-id=\"1034\" class=\"elementor elementor-1034\" data-elementor-post-type=\"page\">\n\t\t\t\t\t\t<section class=\"elementor-section elementor-top-section elementor-element elementor-element-7365ece elementor-section-full_width elementor-section-height-default elementor-section-height-default\" data-id=\"7365ece\" data-element_type=\"section\" data-e-type=\"section\">\n\t\t\t\t\t\t\t<div class=\"elementor-background-overlay\"><\/div>\n\t\t\t\t\t\t\t<div class=\"elementor-container elementor-column-gap-default\">\n\t\t\t\t\t<div class=\"elementor-column elementor-col-100 elementor-top-column elementor-element elementor-element-740e4bc\" data-id=\"740e4bc\" data-element_type=\"column\" data-e-type=\"column\">\n\t\t\t<div class=\"elementor-widget-wrap elementor-element-populated\">\n\t\t\t\t\t\t<div class=\"elementor-element elementor-element-e0ea818 elementor-widget elementor-widget-heading\" data-id=\"e0ea818\" data-element_type=\"widget\" data-e-type=\"widget\" data-widget_type=\"heading.default\">\n\t\t\t\t<div class=\"elementor-widget-container\">\n\t\t\t\t\t<h2 class=\"elementor-heading-title elementor-size-default\">Dinkel - Roggen \u2022 Brot<\/h2>\t\t\t\t<\/div>\n\t\t\t\t<\/div>\n\t\t\t\t<div class=\"elementor-element elementor-element-19bbf03 elementor-widget elementor-widget-text-editor\" data-id=\"19bbf03\" data-element_type=\"widget\" data-e-type=\"widget\" data-widget_type=\"text-editor.default\">\n\t\t\t\t<div class=\"elementor-widget-container\">\n\t\t\t\t\t\t\t\t\t<p>im Tupperware Ultra Pro, ohne Sauerteig (auch im R\u00f6mertopf m\u00f6glich)<\/p><p>\u00a0<\/p><p>\u00a0Zutaten f\u00fcr 1 Portionen:<\/p><p>\u00a0<\/p><p>400g\u00a0\u00a0 Dinkelmehl<\/p><p>\u00a0<\/p><p>400 g Roggenmehl<\/p><p>\u00a0<\/p><p>1 W\u00fcrfel Hefe<\/p><p>\u00a0<\/p><p>2TL\u00a0\u00a0\u00a0\u00a0 Salz<\/p><p>\u00a0<\/p><p>1 TL\u00a0\u00a0 Zucker<\/p><p>\u00a0<\/p><p>500 ml Wasser, lauwarm<\/p><p>\u00a0<\/p><p>Hefew\u00fcrfel. Zucker und Wasser im Mix Fix (Tupper) sch\u00fctteln bis sich die Hefe verfl\u00fcssigt hat. R\u00fchren geht auch. Das Mehl, Salz und nach Geschmack Kerne o.a. mischen, die Fl\u00fcssigkeit dazugeben und kr\u00e4ftig kneten.<\/p><p>\u00a0<\/p><p>Den Ultra (2,0 l oder 3.0 l oder 3,5 l) kalt aussp\u00fclen. Teig hineingehen. Deckel aufsetzen und in den kalten Ofen auf den Rost stellen und 200\u00b0C einstellen.<\/p><p>\u00a0<\/p><p>Nach 70 Minuten ist das Brot fertig. Kurz stehen lassen und dann auf dem Gitter abk\u00fchlen lassen, da sich sonst Schwitzwasser in der Form bildet.<\/p><p>\u00a0<\/p><p>Der Teig mu\u00df nicht gehen, obwohl es Hefeteig ist. Das Aussp\u00fclen des Ultra schafft das perfekte feuchte Klima, der sich langsam erw\u00e4rmende Ofen l\u00e4\u00dft den Teig erst gehen, dann garen.<\/p>\t\t\t\t\t\t\t\t<\/div>\n\t\t\t\t<\/div>\n\t\t\t\t\t<\/div>\n\t\t<\/div>\n\t\t\t\t\t<\/div>\n\t\t<\/section>\n\t\t\t\t<\/div>\n\t\t","protected":false},"excerpt":{"rendered":"<p>Dinkel &#8211; Roggen \u2022 Brot im Tupperware Ultra Pro, ohne Sauerteig (auch im R\u00f6mertopf m\u00f6glich) \u00a0 \u00a0Zutaten f\u00fcr 1 Portionen: \u00a0 400g\u00a0\u00a0 Dinkelmehl \u00a0 400 g Roggenmehl \u00a0 1 W\u00fcrfel Hefe \u00a0 2TL\u00a0\u00a0\u00a0\u00a0 Salz \u00a0 1 TL\u00a0\u00a0 Zucker \u00a0 500 ml Wasser, lauwarm \u00a0 Hefew\u00fcrfel. Zucker und Wasser im Mix Fix (Tupper) sch\u00fctteln bis sich [&hellip;]<\/p>\n","protected":false},"author":1,"featured_media":0,"parent":0,"menu_order":0,"comment_status":"closed","ping_status":"closed","template":"","meta":{"footnotes":""},"class_list":["post-1034","page","type-page","status-publish","hentry"],"_links":{"self":[{"href":"https:\/\/xn--hw-kppers-t9a.de\/index.php?rest_route=\/wp\/v2\/pages\/1034","targetHints":{"allow":["GET"]}}],"collection":[{"href":"https:\/\/xn--hw-kppers-t9a.de\/index.php?rest_route=\/wp\/v2\/pages"}],"about":[{"href":"https:\/\/xn--hw-kppers-t9a.de\/index.php?rest_route=\/wp\/v2\/types\/page"}],"author":[{"embeddable":true,"href":"https:\/\/xn--hw-kppers-t9a.de\/index.php?rest_route=\/wp\/v2\/users\/1"}],"replies":[{"embeddable":true,"href":"https:\/\/xn--hw-kppers-t9a.de\/index.php?rest_route=%2Fwp%2Fv2%2Fcomments&post=1034"}],"version-history":[{"count":4,"href":"https:\/\/xn--hw-kppers-t9a.de\/index.php?rest_route=\/wp\/v2\/pages\/1034\/revisions"}],"predecessor-version":[{"id":1040,"href":"https:\/\/xn--hw-kppers-t9a.de\/index.php?rest_route=\/wp\/v2\/pages\/1034\/revisions\/1040"}],"wp:attachment":[{"href":"https:\/\/xn--hw-kppers-t9a.de\/index.php?rest_route=%2Fwp%2Fv2%2Fmedia&parent=1034"}],"curies":[{"name":"wp","href":"https:\/\/api.w.org\/{rel}","templated":true}]}}